{"id":160,"date":"2020-08-27T15:32:59","date_gmt":"2020-08-27T15:32:59","guid":{"rendered":"https:\/\/www.ppolegal.com\/en\/?page_id=160"},"modified":"2020-09-07T13:56:41","modified_gmt":"2020-09-07T13:56:41","slug":"our-recognition","status":"publish","type":"page","link":"https:\/\/www.ppolegal.com\/en\/our-recognition\/","title":{"rendered":"Our recognition"},"content":{"rendered":"<p>[vc_row][vc_column width=&#8221;1\/6&#8243;][\/vc_column][vc_column width=&#8221;2\/3&#8243;][vc_column_text el_class=&#8221;block-text-reconocimientos&#8221;]<\/p>\n<p style=\"text-align: center;\">El equipo de PPO cada a\u00f1o es valorado por diferentes publicaciones internacionales como firma de abogados l\u00edder en diferentes \u00e1reas de pr\u00e1cticas y reconocen a nuestros abogados como expertos en sus \u00e1reas de pr\u00e1ctica.<\/p>\n<p>[\/vc_column_text][\/vc_column][vc_column width=&#8221;1\/6&#8243;][\/vc_column][\/vc_row][vc_row css=&#8221;.vc_custom_1596803487884{padding-top: 15px !important;padding-bottom: 5px !important;}&#8221;][vc_column width=&#8221;1\/6&#8243;][\/vc_column][vc_column width=&#8221;2\/3&#8243;][vc_row_inner][vc_column_inner width=&#8221;1\/2&#8243;][vc_single_image image=&#8221;164&#8243; img_size=&#8221;full&#8221; alignment=&#8221;center&#8221; el_class=&#8221;img-1&#8243;][\/vc_column_inner][vc_column_inner width=&#8221;1\/2&#8243;][vc_single_image image=&#8221;165&#8243; img_size=&#8221;full&#8221; alignment=&#8221;center&#8221; el_class=&#8221;img-2&#8243;][\/vc_column_inner][\/vc_row_inner][\/vc_column][vc_column width=&#8221;1\/6&#8243;][\/vc_column][\/vc_row][vc_row css=&#8221;.vc_custom_1596803638283{margin-bottom: 60px !important;}&#8221;][vc_column width=&#8221;1\/4&#8243;][vc_single_image image=&#8221;167&#8243; img_size=&#8221;full&#8221; alignment=&#8221;center&#8221; css=&#8221;.vc_custom_1598542928597{padding-top: 30px !important;}&#8221; el_class=&#8221;img-3&#8243;][\/vc_column][vc_column width=&#8221;1\/4&#8243;][vc_single_image image=&#8221;168&#8243; img_size=&#8221;full&#8221; alignment=&#8221;center&#8221; el_class=&#8221;img-4&#8243;][\/vc_column][vc_column width=&#8221;1\/4&#8243;][vc_single_image image=&#8221;169&#8243; img_size=&#8221;full&#8221; alignment=&#8221;center&#8221; el_class=&#8221;img-5&#8243;][\/vc_column][vc_column width=&#8221;1\/4&#8243;][vc_single_image image=&#8221;170&#8243; img_size=&#8221;full&#8221; alignment=&#8221;center&#8221; css=&#8221;.vc_custom_1598542979350{padding-top: 15px !important;}&#8221; el_class=&#8221;img-6&#8243;][\/vc_column][\/vc_row][vc_row][vc_column][vc_column_text css=&#8221;.vc_custom_1599486110712{margin-bottom: 20px !important;}&#8221;]<\/p>\n<div class=\"content-testimonies testimonies-background\">\n<p><em>\u201cAcclaimed corporate department offering distinct expertise in cross-border transactions. Highly knowledgeable of commercial and regulatory matters, with particular expertise in M&amp;A transactions. Also highly capable of handling complex corporate restructuring mandates. Client roster primarily comprises major international agribusiness, energy and retail companies.\u201d<\/em><\/p>\n<p class=\"p-testimonies\">Corporate &#8211; Chambers and Partners<\/p>\n<\/div>\n<p>[\/vc_column_text][vc_column_text css=&#8221;.vc_custom_1599486181857{margin-bottom: 20px !important;}&#8221;]<\/p>\n<div class=\"content-testimonies\">\n<p><em>\u201cOutstanding banking and finance practice boasting an impressive client roster of international financial institutions and corporations. Very active advising both lenders and borrowers on major project and corporate finance loans, with growing expertise in the debt securities market.\u201d<\/em><\/p>\n<p class=\"p-testimonies\">Banking &amp; Finance &#8211; Chambers and Partners<\/p>\n<\/div>\n<p>[\/vc_column_text][vc_column_text css=&#8221;.vc_custom_1599486281867{margin-bottom: 20px !important;}&#8221;]<\/p>\n<div class=\"content-testimonies testimonies-background\">\n<p><em>\u201cHighly respected tax practice boasting a standout client roster of international corporations with existing or prospective investments in the region. Offers in-depth experience in an array of tax consultancy matters, including double taxation, tax efficiency and transfer pricing, with additional capabilities in tax litigation.&#8221;<\/em><\/p>\n<p class=\"p-testimonies\">Tax \u2013 Chambers and Partners<\/p>\n<\/div>\n<p>[\/vc_column_text][vc_column_text css=&#8221;.vc_custom_1599486331753{margin-bottom: 20px !important;padding-left: 0px !important;}&#8221;]<\/p>\n<div class=\"content-testimonies\">\n<p><em>\u201cAcclaimed full-service firm advising a broad range of multinational companies from the food and beverage, technology and engineering industries. Provides expert representation in termination processes, migration matters and administrative proceedings before the labour authorities. Further experience in outsourcing, hiring policies and regulatory compliance.\u201d<\/em><\/p>\n<p class=\"p-testimonies\">Labor \u2013 Chambers and Partners<\/p>\n<\/div>\n<p>[\/vc_column_text][vc_column_text css=&#8221;.vc_custom_1599486428473{margin-bottom: 20px !important;}&#8221;]<\/p>\n<div class=\"content-testimonies testimonies-background\">\n<p><em>\u201cSignificant firm with a consolidated dispute resolution department. Team is well placed to handle cross-border matters for clients from the energy, insurance and food and beverage industries. Strong track record advising on investor-state arbitration under UNCITRAL rules, civil litigation and both administrative and constitutional proceedings.\u201d<\/em><\/p>\n<p class=\"p-testimonies\">Dispute Resolution \u2013 Chambers and Partners<\/p>\n<\/div>\n<p>[\/vc_column_text][vc_column_text css=&#8221;.vc_custom_1599486469656{margin-bottom: 20px !important;}&#8221;]<\/p>\n<div class=\"content-testimonies\">\n<p><em>\u201cWell-recognised IP group with significant experience advising on a broad range of matters. Regularly sought out to assist with coexistence agreements, cancellation actions and trade mark and patent prosecutions. Routinely instructed by clients from the food and beverage and pharmaceutical industries to draft licensing and franchise agreements, as well as sector-related litigation.\u201d<\/em><\/p>\n<p class=\"p-testimonies\">\u2014 PI (Chambers).<\/p>\n<\/div>\n<p>[\/vc_column_text][vc_column_text css=&#8221;.vc_custom_1599486534400{margin-bottom: 20px !important;}&#8221;]<\/p>\n<div class=\"content-testimonies testimonies-background\">\n<p><em>\u201cNoted firm with solid experience advising domestic and international companies on regulatory energy matters, mining concessions, power transmission projects and technical evaluation agreements. Team is also sought out to assist with M&amp;A deals and public bidding processes.\u201d<\/em><\/p>\n<p class=\"p-testimonies\">Energy &amp; Natural Resources \u2013 Chambers and Partners<\/p>\n<\/div>\n<p>[\/vc_column_text][vc_column_text css=&#8221;.vc_custom_1599486571195{margin-bottom: 20px !important;}&#8221;]<\/p>\n<div class=\"content-testimonies\">\n<p><em>\u201cPractice, which is adept at handling transactional and regulatory mandates and is especially strong in multi-jurisdictional work. International lenders are prominent in the group&#8217;s client base.\u201d<\/em><\/p>\n<p class=\"p-testimonies\">Banking \u2013 Legal 500<\/p>\n<\/div>\n<p>[\/vc_column_text][vc_column_text css=&#8221;.vc_custom_1599486620422{margin-bottom: 20px !important;}&#8221;]<\/p>\n<div class=\"content-testimonies testimonies-background\">\n<p><em>\u201c-Incredibly responsive- team attracts praise for its -great technical skills, communication and creativity-.\u201d<\/em><\/p>\n<p class=\"p-testimonies\">Dispute Resolution \u2013 Legal 500<\/p>\n<\/div>\n<p>[\/vc_column_text][vc_column_text css=&#8221;.vc_custom_1599486790481{margin-bottom: 20px !important;}&#8221;]<\/p>\n<div class=\"content-testimonies\">\n<p><em>\u201cDepartment houses &#8216;expert partners&#8217;, who have been especially active in mining and hydrocarbons projects; nuclear and energy are also areas of expertise for the team.\u201d<\/em><\/p>\n<p class=\"p-testimonies\">Energy and Natural Resources \u2013 Legal 500<\/p>\n<\/div>\n<p>[\/vc_column_text][vc_column_text css=&#8221;.vc_custom_1599486860863{margin-bottom: 20px !important;}&#8221;]<\/p>\n<div class=\"content-testimonies testimonies-background\">\n<p><em>\u201cDepartment houses which is noted for providing &#8216;timely and practical solutions&#8217; across a wide spectrum of contentious and non-contentious employment matters, including immigration and social security work, restructuring, hirings, CBAs and union negotiations.\u201d<\/em><\/p>\n<p class=\"p-testimonies\">Labor \u2013 Legal 500<\/p>\n<\/div>\n<p>[\/vc_column_text][vc_column_text css=&#8221;.vc_custom_1599486892640{margin-bottom: 20px !important;}&#8221;]<\/p>\n<div class=\"content-testimonies\">\n<p><em>\u201cDepartment houses counts tax litigation, tax advice on multi-jurisdictional transactions and international mandates as the core pillars of its practice; it is also noted for its strength in accounting work.\u201d<\/em><\/p>\n<p class=\"p-testimonies\">Tax \u2013 Legal 500<\/p>\n<\/div>\n<p>[\/vc_column_text][vc_column_text css=&#8221;.vc_custom_1599486937175{margin-bottom: 20px !important;}&#8221;]<\/p>\n<div class=\"content-testimonies testimonies-background\">\n<p><em>\u201cThe team handles, among other areas, trade mark registrations and filings, licensing agreements, anti-counterfeiting work and data privacy matters.\u201d<\/em><\/p>\n<p class=\"p-testimonies\">Intellectual Property \u2013 Legal 500<\/p>\n<\/div>\n<p>[\/vc_column_text][\/vc_column][\/vc_row]<\/p>\n","protected":false},"excerpt":{"rendered":"<p>[vc_row][vc_column width=&#8221;1\/6&#8243;][\/vc_column][vc_column width=&#8221;2\/3&#8243;][vc_column_text el_class=&#8221;block-text-reconocimientos&#8221;] El equipo de PPO cada a\u00f1o es valorado por diferentes publicaciones internacionales como firma de abogados l\u00edder en diferentes \u00e1reas de pr\u00e1cticas y reconocen a nuestros abogados como expertos en sus \u00e1reas de pr\u00e1ctica. [\/vc_column_text][\/vc_column][vc_column width=&#8221;1\/6&#8243;][\/vc_column][\/vc_row][vc_row css=&#8221;.vc_custom_1596803487884{padding-top: 15px !important;padding-bottom: 5px !important;}&#8221;][vc_column width=&#8221;1\/6&#8243;][\/vc_column][vc_column width=&#8221;2\/3&#8243;][vc_row_inner][vc_column_inner width=&#8221;1\/2&#8243;][vc_single_image image=&#8221;164&#8243; img_size=&#8221;full&#8221; alignment=&#8221;center&#8221; el_class=&#8221;img-1&#8243;][\/vc_column_inner][vc_column_inner width=&#8221;1\/2&#8243;][vc_single_image image=&#8221;165&#8243; img_size=&#8221;full&#8221; alignment=&#8221;center&#8221; el_class=&#8221;img-2&#8243;][\/vc_column_inner][\/vc_row_inner][\/vc_column][vc_column width=&#8221;1\/6&#8243;][\/vc_column][\/vc_row][vc_row css=&#8221;.vc_custom_1596803638283{margin-bottom: 60px !important;}&#8221;][vc_column width=&#8221;1\/4&#8243;][vc_single_image image=&#8221;167&#8243; img_size=&#8221;full&#8221; alignment=&#8221;center&#8221; css=&#8221;.vc_custom_1598542928597{padding-top: 30px !important;}&#8221; el_class=&#8221;img-3&#8243;][\/vc_column][vc_column width=&#8221;1\/4&#8243;][vc_single_image image=&#8221;168&#8243; img_size=&#8221;full&#8221; alignment=&#8221;center&#8221; el_class=&#8221;img-4&#8243;][\/vc_column][vc_column width=&#8221;1\/4&#8243;][vc_single_image image=&#8221;169&#8243; img_size=&#8221;full&#8221; alignment=&#8221;center&#8221; el_class=&#8221;img-5&#8243;][\/vc_column][vc_column width=&#8221;1\/4&#8243;][vc_single_image image=&#8221;170&#8243; img_size=&#8221;full&#8221; alignment=&#8221;center&#8221; css=&#8221;.vc_custom_1598542979350{padding-top: 15px !important;}&#8221; el_class=&#8221;img-6&#8243;][\/vc_column][\/vc_row][vc_row][vc_column][vc_column_text css=&#8221;.vc_custom_1599486110712{margin-bottom: 20px !important;}&#8221;] [&hellip;]<\/p>\n","protected":false},"author":1,"featured_media":0,"parent":0,"menu_order":0,"comment_status":"closed","ping_status":"closed","template":"","meta":{"_acf_changed":false,"footnotes":""},"class_list":["post-160","page","type-page","status-publish","hentry"],"acf":[],"yoast_head":"<!-- This site is optimized with the Yoast SEO plugin v25.6 - https:\/\/yoast.com\/wordpress\/plugins\/seo\/ -->\n<title>Our recognition - PPO Indacochea | Bolivian Law Firm<\/title>\n<meta name=\"robots\" content=\"index, follow, max-snippet:-1, max-image-preview:large, max-video-preview:-1\" \/>\n<link rel=\"canonical\" href=\"https:\/\/www.ppolegal.com\/en\/our-recognition\/\" \/>\n<meta property=\"og:locale\" content=\"en_US\" \/>\n<meta property=\"og:type\" content=\"article\" \/>\n<meta property=\"og:title\" content=\"Our recognition - PPO Indacochea | Bolivian Law Firm\" \/>\n<meta property=\"og:description\" content=\"[vc_row][vc_column width=&#8221;1\/6&#8243;][\/vc_column][vc_column width=&#8221;2\/3&#8243;][vc_column_text el_class=&#8221;block-text-reconocimientos&#8221;] El equipo de PPO cada a\u00f1o es valorado por diferentes publicaciones internacionales como firma de abogados l\u00edder en diferentes \u00e1reas de pr\u00e1cticas y reconocen a nuestros abogados como expertos en sus \u00e1reas de pr\u00e1ctica. [\/vc_column_text][\/vc_column][vc_column width=&#8221;1\/6&#8243;][\/vc_column][\/vc_row][vc_row css=&#8221;.vc_custom_1596803487884{padding-top: 15px !important;padding-bottom: 5px !important;}&#8221;][vc_column width=&#8221;1\/6&#8243;][\/vc_column][vc_column width=&#8221;2\/3&#8243;][vc_row_inner][vc_column_inner width=&#8221;1\/2&#8243;][vc_single_image image=&#8221;164&#8243; img_size=&#8221;full&#8221; alignment=&#8221;center&#8221; el_class=&#8221;img-1&#8243;][\/vc_column_inner][vc_column_inner width=&#8221;1\/2&#8243;][vc_single_image image=&#8221;165&#8243; img_size=&#8221;full&#8221; alignment=&#8221;center&#8221; el_class=&#8221;img-2&#8243;][\/vc_column_inner][\/vc_row_inner][\/vc_column][vc_column width=&#8221;1\/6&#8243;][\/vc_column][\/vc_row][vc_row css=&#8221;.vc_custom_1596803638283{margin-bottom: 60px !important;}&#8221;][vc_column width=&#8221;1\/4&#8243;][vc_single_image image=&#8221;167&#8243; img_size=&#8221;full&#8221; alignment=&#8221;center&#8221; css=&#8221;.vc_custom_1598542928597{padding-top: 30px !important;}&#8221; el_class=&#8221;img-3&#8243;][\/vc_column][vc_column width=&#8221;1\/4&#8243;][vc_single_image image=&#8221;168&#8243; img_size=&#8221;full&#8221; alignment=&#8221;center&#8221; el_class=&#8221;img-4&#8243;][\/vc_column][vc_column width=&#8221;1\/4&#8243;][vc_single_image image=&#8221;169&#8243; img_size=&#8221;full&#8221; alignment=&#8221;center&#8221; el_class=&#8221;img-5&#8243;][\/vc_column][vc_column width=&#8221;1\/4&#8243;][vc_single_image image=&#8221;170&#8243; img_size=&#8221;full&#8221; alignment=&#8221;center&#8221; css=&#8221;.vc_custom_1598542979350{padding-top: 15px !important;}&#8221; el_class=&#8221;img-6&#8243;][\/vc_column][\/vc_row][vc_row][vc_column][vc_column_text css=&#8221;.vc_custom_1599486110712{margin-bottom: 20px !important;}&#8221;] [&hellip;]\" \/>\n<meta property=\"og:url\" content=\"https:\/\/www.ppolegal.com\/en\/our-recognition\/\" \/>\n<meta property=\"og:site_name\" content=\"PPO Indacochea | Bolivian Law Firm\" \/>\n<meta property=\"article:modified_time\" content=\"2020-09-07T13:56:41+00:00\" \/>\n<meta name=\"twitter:card\" content=\"summary_large_image\" \/>\n<meta name=\"twitter:label1\" content=\"Est. reading time\" \/>\n\t<meta name=\"twitter:data1\" content=\"4 minutes\" \/>\n<script type=\"application\/ld+json\" class=\"yoast-schema-graph\">{\"@context\":\"https:\/\/schema.org\",\"@graph\":[{\"@type\":\"WebPage\",\"@id\":\"https:\/\/www.ppolegal.com\/en\/our-recognition\/\",\"url\":\"https:\/\/www.ppolegal.com\/en\/our-recognition\/\",\"name\":\"Our recognition - PPO Indacochea | Bolivian Law Firm\",\"isPartOf\":{\"@id\":\"https:\/\/www.ppolegal.com\/en\/#website\"},\"datePublished\":\"2020-08-27T15:32:59+00:00\",\"dateModified\":\"2020-09-07T13:56:41+00:00\",\"breadcrumb\":{\"@id\":\"https:\/\/www.ppolegal.com\/en\/our-recognition\/#breadcrumb\"},\"inLanguage\":\"en-US\",\"potentialAction\":[{\"@type\":\"ReadAction\",\"target\":[\"https:\/\/www.ppolegal.com\/en\/our-recognition\/\"]}]},{\"@type\":\"BreadcrumbList\",\"@id\":\"https:\/\/www.ppolegal.com\/en\/our-recognition\/#breadcrumb\",\"itemListElement\":[{\"@type\":\"ListItem\",\"position\":1,\"name\":\"Portada\",\"item\":\"https:\/\/www.ppolegal.com\/en\/\"},{\"@type\":\"ListItem\",\"position\":2,\"name\":\"Our recognition\"}]},{\"@type\":\"WebSite\",\"@id\":\"https:\/\/www.ppolegal.com\/en\/#website\",\"url\":\"https:\/\/www.ppolegal.com\/en\/\",\"name\":\"PPO Indacochea | Bolivian Law Firm\",\"description\":\"Lawyers Bolivia\",\"potentialAction\":[{\"@type\":\"SearchAction\",\"target\":{\"@type\":\"EntryPoint\",\"urlTemplate\":\"https:\/\/www.ppolegal.com\/en\/?s={search_term_string}\"},\"query-input\":{\"@type\":\"PropertyValueSpecification\",\"valueRequired\":true,\"valueName\":\"search_term_string\"}}],\"inLanguage\":\"en-US\"}]}<\/script>\n<!-- \/ Yoast SEO plugin. -->","yoast_head_json":{"title":"Our recognition - PPO Indacochea | Bolivian Law Firm","robots":{"index":"index","follow":"follow","max-snippet":"max-snippet:-1","max-image-preview":"max-image-preview:large","max-video-preview":"max-video-preview:-1"},"canonical":"https:\/\/www.ppolegal.com\/en\/our-recognition\/","og_locale":"en_US","og_type":"article","og_title":"Our recognition - PPO Indacochea | Bolivian Law Firm","og_description":"[vc_row][vc_column width=&#8221;1\/6&#8243;][\/vc_column][vc_column width=&#8221;2\/3&#8243;][vc_column_text el_class=&#8221;block-text-reconocimientos&#8221;] El equipo de PPO cada a\u00f1o es valorado por diferentes publicaciones internacionales como firma de abogados l\u00edder en diferentes \u00e1reas de pr\u00e1cticas y reconocen a nuestros abogados como expertos en sus \u00e1reas de pr\u00e1ctica. [\/vc_column_text][\/vc_column][vc_column width=&#8221;1\/6&#8243;][\/vc_column][\/vc_row][vc_row css=&#8221;.vc_custom_1596803487884{padding-top: 15px !important;padding-bottom: 5px !important;}&#8221;][vc_column width=&#8221;1\/6&#8243;][\/vc_column][vc_column width=&#8221;2\/3&#8243;][vc_row_inner][vc_column_inner width=&#8221;1\/2&#8243;][vc_single_image image=&#8221;164&#8243; img_size=&#8221;full&#8221; alignment=&#8221;center&#8221; el_class=&#8221;img-1&#8243;][\/vc_column_inner][vc_column_inner width=&#8221;1\/2&#8243;][vc_single_image image=&#8221;165&#8243; img_size=&#8221;full&#8221; alignment=&#8221;center&#8221; el_class=&#8221;img-2&#8243;][\/vc_column_inner][\/vc_row_inner][\/vc_column][vc_column width=&#8221;1\/6&#8243;][\/vc_column][\/vc_row][vc_row css=&#8221;.vc_custom_1596803638283{margin-bottom: 60px !important;}&#8221;][vc_column width=&#8221;1\/4&#8243;][vc_single_image image=&#8221;167&#8243; img_size=&#8221;full&#8221; alignment=&#8221;center&#8221; css=&#8221;.vc_custom_1598542928597{padding-top: 30px !important;}&#8221; el_class=&#8221;img-3&#8243;][\/vc_column][vc_column width=&#8221;1\/4&#8243;][vc_single_image image=&#8221;168&#8243; img_size=&#8221;full&#8221; alignment=&#8221;center&#8221; el_class=&#8221;img-4&#8243;][\/vc_column][vc_column width=&#8221;1\/4&#8243;][vc_single_image image=&#8221;169&#8243; img_size=&#8221;full&#8221; alignment=&#8221;center&#8221; el_class=&#8221;img-5&#8243;][\/vc_column][vc_column width=&#8221;1\/4&#8243;][vc_single_image image=&#8221;170&#8243; img_size=&#8221;full&#8221; alignment=&#8221;center&#8221; css=&#8221;.vc_custom_1598542979350{padding-top: 15px !important;}&#8221; el_class=&#8221;img-6&#8243;][\/vc_column][\/vc_row][vc_row][vc_column][vc_column_text css=&#8221;.vc_custom_1599486110712{margin-bottom: 20px !important;}&#8221;] [&hellip;]","og_url":"https:\/\/www.ppolegal.com\/en\/our-recognition\/","og_site_name":"PPO Indacochea | Bolivian Law Firm","article_modified_time":"2020-09-07T13:56:41+00:00","twitter_card":"summary_large_image","twitter_misc":{"Est. reading time":"4 minutes"},"schema":{"@context":"https:\/\/schema.org","@graph":[{"@type":"WebPage","@id":"https:\/\/www.ppolegal.com\/en\/our-recognition\/","url":"https:\/\/www.ppolegal.com\/en\/our-recognition\/","name":"Our recognition - PPO Indacochea | Bolivian Law Firm","isPartOf":{"@id":"https:\/\/www.ppolegal.com\/en\/#website"},"datePublished":"2020-08-27T15:32:59+00:00","dateModified":"2020-09-07T13:56:41+00:00","breadcrumb":{"@id":"https:\/\/www.ppolegal.com\/en\/our-recognition\/#breadcrumb"},"inLanguage":"en-US","potentialAction":[{"@type":"ReadAction","target":["https:\/\/www.ppolegal.com\/en\/our-recognition\/"]}]},{"@type":"BreadcrumbList","@id":"https:\/\/www.ppolegal.com\/en\/our-recognition\/#breadcrumb","itemListElement":[{"@type":"ListItem","position":1,"name":"Portada","item":"https:\/\/www.ppolegal.com\/en\/"},{"@type":"ListItem","position":2,"name":"Our recognition"}]},{"@type":"WebSite","@id":"https:\/\/www.ppolegal.com\/en\/#website","url":"https:\/\/www.ppolegal.com\/en\/","name":"PPO Indacochea | Bolivian Law Firm","description":"Lawyers Bolivia","potentialAction":[{"@type":"SearchAction","target":{"@type":"EntryPoint","urlTemplate":"https:\/\/www.ppolegal.com\/en\/?s={search_term_string}"},"query-input":{"@type":"PropertyValueSpecification","valueRequired":true,"valueName":"search_term_string"}}],"inLanguage":"en-US"}]}},"_links":{"self":[{"href":"https:\/\/www.ppolegal.com\/en\/wp-json\/wp\/v2\/pages\/160"}],"collection":[{"href":"https:\/\/www.ppolegal.com\/en\/wp-json\/wp\/v2\/pages"}],"about":[{"href":"https:\/\/www.ppolegal.com\/en\/wp-json\/wp\/v2\/types\/page"}],"author":[{"embeddable":true,"href":"https:\/\/www.ppolegal.com\/en\/wp-json\/wp\/v2\/users\/1"}],"replies":[{"embeddable":true,"href":"https:\/\/www.ppolegal.com\/en\/wp-json\/wp\/v2\/comments?post=160"}],"version-history":[{"count":9,"href":"https:\/\/www.ppolegal.com\/en\/wp-json\/wp\/v2\/pages\/160\/revisions"}],"predecessor-version":[{"id":455,"href":"https:\/\/www.ppolegal.com\/en\/wp-json\/wp\/v2\/pages\/160\/revisions\/455"}],"wp:attachment":[{"href":"https:\/\/www.ppolegal.com\/en\/wp-json\/wp\/v2\/media?parent=160"}],"curies":[{"name":"wp","href":"https:\/\/api.w.org\/{rel}","templated":true}]}}